{"id":1157,"date":"2025-02-17T15:15:02","date_gmt":"2025-02-17T07:15:02","guid":{"rendered":"https:\/\/sheinmirror.com\/?page_id=1157"},"modified":"2025-03-19T17:56:34","modified_gmt":"2025-03-19T09:56:34","slug":"exklusive-marke","status":"publish","type":"page","link":"https:\/\/sheinmirror.com\/de\/exklusive-marke\/","title":{"rendered":"Exklusive Marke"},"content":{"rendered":"<div data-elementor-type=\"wp-page\" data-elementor-id=\"1157\" class=\"elementor elementor-1157\" data-elementor-post-type=\"page\">\n\t\t\t\t\t\t<section class=\"elementor-section elementor-top-section elementor-element elementor-element-71a7fb73 elementor-section-boxed elementor-section-height-default elementor-section-height-default\" data-id=\"71a7fb73\" data-element_type=\"section\" data-settings=\"{&quot;background_background&quot;:&quot;classic&quot;}\">\n\t\t\t\t\t\t\t<div class=\"elementor-background-overlay\"><\/div>\n\t\t\t\t\t\t\t<div class=\"elementor-container elementor-column-gap-default\">\n\t\t\t\t\t<div class=\"elementor-column elementor-col-100 elementor-top-column elementor-element elementor-element-222a01d2\" data-id=\"222a01d2\" data-element_type=\"column\">\n\t\t\t<div class=\"elementor-widget-wrap elementor-element-populated\">\n\t\t\t\t<div class=\"elementor-element elementor-element-74f01768 e-flex e-con-boxed e-con e-parent\" data-id=\"74f01768\" data-element_type=\"container\">\n\t\t\t\t\t<div class=\"e-con-inner\">\n\t\t\t\t<div class=\"elementor-element elementor-element-59430562 elementor-widget elementor-widget-heading\" data-id=\"59430562\" data-element_type=\"widget\" data-widget_type=\"heading.default\">\n\t\t\t\t<div class=\"elementor-widget-container\">\n\t\t\t\t\t<h1 class=\"elementor-heading-title elementor-size-default\">Exklusive Markenverk\u00e4ufe<\/h1>\t\t\t\t<\/div>\n\t\t\t\t<\/div>\n\t\t\t\t<div class=\"elementor-element elementor-element-6625307b elementor-widget elementor-widget-text-editor\" data-id=\"6625307b\" data-element_type=\"widget\" data-widget_type=\"text-editor.default\">\n\t\t\t\t<div class=\"elementor-widget-container\">\n\t\t\t\t\t\t\t\t\t<p>Gestalten Sie einen einzigartigen Markenspiegel f\u00fcr Sie und verschaffen Sie sich ein exklusives Verkaufserlebnis!<\/p>\t\t\t\t\t\t\t\t<\/div>\n\t\t\t\t<\/div>\n\t\t\t\t<div class=\"elementor-element elementor-element-8f23f29 elementor-mobile-align-center elementor-widget elementor-widget-button\" data-id=\"8f23f29\" data-element_type=\"widget\" data-widget_type=\"button.default\">\n\t\t\t\t<div class=\"elementor-widget-container\">\n\t\t\t\t\t\t\t\t\t<div class=\"elementor-button-wrapper\">\n\t\t\t\t\t<a class=\"elementor-button elementor-button-link elementor-size-sm\" href=\"https:\/\/sheinmirror.com\/de\/zitat\/\">\n\t\t\t\t\t\t<span class=\"elementor-button-content-wrapper\">\n\t\t\t\t\t\t\t\t\t<span class=\"elementor-button-text\">ANGEBOT ANFORDERN &gt;&gt;<\/span>\n\t\t\t\t\t<\/span>\n\t\t\t\t\t<\/a>\n\t\t\t\t<\/div>\n\t\t\t\t\t\t\t\t<\/div>\n\t\t\t\t<\/div>\n\t\t\t\t\t<\/div>\n\t\t\t\t<\/div>\n\t\t\t\t\t<\/div>\n\t\t<\/div>\n\t\t\t\t\t<\/div>\n\t\t<\/section>\n\t\t\t\t<section class=\"elementor-section elementor-top-section elementor-element elementor-element-1e9bd76a elementor-section-boxed elementor-section-height-default elementor-section-height-default\" data-id=\"1e9bd76a\" data-element_type=\"section\">\n\t\t\t\t\t\t\t<div class=\"elementor-background-overlay\"><\/div>\n\t\t\t\t\t\t\t<div class=\"elementor-container elementor-column-gap-default\">\n\t\t\t\t\t<div class=\"elementor-column elementor-col-100 elementor-top-column elementor-element elementor-element-2e008738\" data-id=\"2e008738\" data-element_type=\"column\">\n\t\t\t<div class=\"elementor-widget-wrap elementor-element-populated\">\n\t\t\t\t\t\t<section class=\"elementor-section elementor-inner-section elementor-element elementor-element-51e51be7 elementor-section-boxed elementor-section-height-default elementor-section-height-default\" data-id=\"51e51be7\" data-element_type=\"section\">\n\t\t\t\t\t\t<div class=\"elementor-container elementor-column-gap-default\">\n\t\t\t\t\t<div class=\"elementor-column elementor-col-50 elementor-inner-column elementor-element elementor-element-adcfb8d\" data-id=\"adcfb8d\" data-element_type=\"column\">\n\t\t\t<div class=\"elementor-widget-wrap elementor-element-populated\">\n\t\t\t\t\t\t<div class=\"elementor-element elementor-element-26a23b1f elementor-widget__width-auto elementor-widget elementor-widget-heading\" data-id=\"26a23b1f\" data-element_type=\"widget\" data-widget_type=\"heading.default\">\n\t\t\t\t<div class=\"elementor-widget-container\">\n\t\t\t\t\t<h4 class=\"elementor-heading-title elementor-size-default\">Wir k\u00fcmmern uns um Ihren gesch\u00e4ftlichen Erfolg<\/h4>\t\t\t\t<\/div>\n\t\t\t\t<\/div>\n\t\t\t\t<div class=\"elementor-element elementor-element-476974a2 elementor-widget elementor-widget-heading\" data-id=\"476974a2\" data-element_type=\"widget\" data-widget_type=\"heading.default\">\n\t\t\t\t<div class=\"elementor-widget-container\">\n\t\t\t\t\t<h2 class=\"elementor-heading-title elementor-size-default\">Shein Mirror - Einzigartige Marke nach Ma\u00df f\u00fcr Sie<\/h2>\t\t\t\t<\/div>\n\t\t\t\t<\/div>\n\t\t\t\t<div class=\"elementor-element elementor-element-35c1f8d elementor-widget-divider--view-line elementor-widget elementor-widget-divider\" data-id=\"35c1f8d\" data-element_type=\"widget\" data-widget_type=\"divider.default\">\n\t\t\t\t<div class=\"elementor-widget-container\">\n\t\t\t\t\t\t\t<div class=\"elementor-divider\">\n\t\t\t<span class=\"elementor-divider-separator\">\n\t\t\t\t\t\t<\/span>\n\t\t<\/div>\n\t\t\t\t\t\t<\/div>\n\t\t\t\t<\/div>\n\t\t\t\t<div class=\"elementor-element elementor-element-d24a3c8 elementor-widget elementor-widget-text-editor\" data-id=\"d24a3c8\" data-element_type=\"widget\" data-widget_type=\"text-editor.default\">\n\t\t\t\t<div class=\"elementor-widget-container\">\n\t\t\t\t\t\t\t\t\t<p>Bringen Sie einzigartige LED-Lichtspiegel auf Ihren Markt und heben Sie Ihre Marke im Wettbewerb hervor.<\/p><p>Als Ihr Partner bieten wir nicht nur hochwertige Produkte, sondern auch <strong>Markeneinfluss f\u00fcr Sie aufbauen.<\/strong> Egal, ob es sich um das t\u00e4gliche Zuhause, Mode, Sch\u00f6nheit oder ein intelligentes Badezimmer handelt, wir werden Ihre Markenpositionierung erf\u00fcllen.<\/p><p>Wenn Sie einen Partner mit dem gleichen Markenkonzept suchen, bitte <a href=\"https:\/\/sheinmirror.com\/de\/kontakt\/\"><span style=\"text-decoration: underline;\"><strong>Kontaktieren Sie uns.<\/strong><\/span><\/a><\/p>\t\t\t\t\t\t\t\t<\/div>\n\t\t\t\t<\/div>\n\t\t\t\t\t<\/div>\n\t\t<\/div>\n\t\t\t\t<div class=\"elementor-column elementor-col-50 elementor-inner-column elementor-element elementor-element-1610c833\" data-id=\"1610c833\" data-element_type=\"column\" data-settings=\"{&quot;background_background&quot;:&quot;slideshow&quot;,&quot;background_slideshow_gallery&quot;:[],&quot;background_slideshow_loop&quot;:&quot;yes&quot;,&quot;background_slideshow_slide_duration&quot;:5000,&quot;background_slideshow_slide_transition&quot;:&quot;fade&quot;,&quot;background_slideshow_transition_duration&quot;:500}\">\n\t\t\t<div class=\"elementor-widget-wrap elementor-element-populated\">\n\t\t\t\t\t\t<div class=\"elementor-element elementor-element-6e308b5 elementor-widget elementor-widget-image\" data-id=\"6e308b5\" data-element_type=\"widget\" data-widget_type=\"image.default\">\n\t\t\t\t<div class=\"elementor-widget-container\">\n\t\t\t\t\t\t\t\t\t\t\t\t\t\t\t<img fetchpriority=\"high\" decoding=\"async\" width=\"600\" height=\"400\" src=\"https:\/\/sheinmirror.com\/wp-content\/uploads\/2025\/03\/Design-brand-led-mirrors.webp\" class=\"attachment-full size-full wp-image-3792\" alt=\"Designmarke led spiegel\" srcset=\"https:\/\/sheinmirror.com\/wp-content\/uploads\/2025\/03\/Design-brand-led-mirrors.webp 600w, https:\/\/sheinmirror.com\/wp-content\/uploads\/2025\/03\/Design-brand-led-mirrors-300x200.webp 300w\" sizes=\"(max-width: 600px) 100vw, 600px\" \/>\t\t\t\t\t\t\t\t\t\t\t\t\t\t\t<\/div>\n\t\t\t\t<\/div>\n\t\t\t\t\t<\/div>\n\t\t<\/div>\n\t\t\t\t\t<\/div>\n\t\t<\/section>\n\t\t\t\t\t<\/div>\n\t\t<\/div>\n\t\t\t\t\t<\/div>\n\t\t<\/section>\n\t\t\t\t<section class=\"elementor-section elementor-top-section elementor-element elementor-element-3a4ba0f2 elementor-section-boxed elementor-section-height-default elementor-section-height-default\" data-id=\"3a4ba0f2\" data-element_type=\"section\">\n\t\t\t\t\t\t\t<div class=\"elementor-background-overlay\"><\/div>\n\t\t\t\t\t\t\t<div class=\"elementor-container elementor-column-gap-default\">\n\t\t\t\t\t<div class=\"elementor-column elementor-col-100 elementor-top-column elementor-element elementor-element-3478b20c\" data-id=\"3478b20c\" data-element_type=\"column\">\n\t\t\t<div class=\"elementor-widget-wrap elementor-element-populated\">\n\t\t\t\t\t\t<div class=\"elementor-element elementor-element-5a925c7f elementor-widget elementor-widget-heading\" data-id=\"5a925c7f\" data-element_type=\"widget\" data-widget_type=\"heading.default\">\n\t\t\t\t<div class=\"elementor-widget-container\">\n\t\t\t\t\t<h2 class=\"elementor-heading-title elementor-size-default\">Profitieren Sie von unserem professionellen Service<\/h2>\t\t\t\t<\/div>\n\t\t\t\t<\/div>\n\t\t\t\t<div class=\"elementor-element elementor-element-1c8ea19c elementor-widget-divider--view-line elementor-widget elementor-widget-divider\" data-id=\"1c8ea19c\" data-element_type=\"widget\" data-widget_type=\"divider.default\">\n\t\t\t\t<div class=\"elementor-widget-container\">\n\t\t\t\t\t\t\t<div class=\"elementor-divider\">\n\t\t\t<span class=\"elementor-divider-separator\">\n\t\t\t\t\t\t<\/span>\n\t\t<\/div>\n\t\t\t\t\t\t<\/div>\n\t\t\t\t<\/div>\n\t\t\t\t<div class=\"elementor-element elementor-element-7c04a22c elementor-widget elementor-widget-text-editor\" data-id=\"7c04a22c\" data-element_type=\"widget\" data-widget_type=\"text-editor.default\">\n\t\t\t\t<div class=\"elementor-widget-container\">\n\t\t\t\t\t\t\t\t\t<p>Wir erfassen Ihre einzigartigen Ideen und verstehen Ihr Markenkonzept genau. Wir verwandeln sie in sch\u00f6ne und praktische LED-Spiegeldesigns, die Ihrer Marke einen einzigartigen Wert verleihen.<\/p>\t\t\t\t\t\t\t\t<\/div>\n\t\t\t\t<\/div>\n\t\t<div class=\"elementor-element elementor-element-1cf406d6 e-flex e-con-boxed e-con e-parent\" data-id=\"1cf406d6\" data-element_type=\"container\">\n\t\t\t\t\t<div class=\"e-con-inner\">\n\t\t<div class=\"elementor-element elementor-element-5c57a3e e-con-full e-flex e-con e-child\" data-id=\"5c57a3e\" data-element_type=\"container\">\n\t\t\t\t<div class=\"elementor-element elementor-element-31094607 elementor-widget elementor-widget-image\" data-id=\"31094607\" data-element_type=\"widget\" data-widget_type=\"image.default\">\n\t\t\t\t<div class=\"elementor-widget-container\">\n\t\t\t\t\t\t\t\t\t\t\t\t\t\t\t<img decoding=\"async\" width=\"600\" height=\"400\" src=\"https:\/\/sheinmirror.com\/wp-content\/uploads\/2025\/03\/Get-Rid-of-Price-Competition.webp\" class=\"attachment-full size-full wp-image-3751\" alt=\"Beseitigen Sie den Preiswettbewerb\" srcset=\"https:\/\/sheinmirror.com\/wp-content\/uploads\/2025\/03\/Get-Rid-of-Price-Competition.webp 600w, https:\/\/sheinmirror.com\/wp-content\/uploads\/2025\/03\/Get-Rid-of-Price-Competition-300x200.webp 300w\" sizes=\"(max-width: 600px) 100vw, 600px\" \/>\t\t\t\t\t\t\t\t\t\t\t\t\t\t\t<\/div>\n\t\t\t\t<\/div>\n\t\t\t\t<div class=\"elementor-element elementor-element-548e3e76 elementor-widget elementor-widget-heading\" data-id=\"548e3e76\" data-element_type=\"widget\" data-widget_type=\"heading.default\">\n\t\t\t\t<div class=\"elementor-widget-container\">\n\t\t\t\t\t<h3 class=\"elementor-heading-title elementor-size-default\">Beseitigen Sie den Preiswettbewerb<\/h3>\t\t\t\t<\/div>\n\t\t\t\t<\/div>\n\t\t\t\t<div class=\"elementor-element elementor-element-6e180cc elementor-widget elementor-widget-text-editor\" data-id=\"6e180cc\" data-element_type=\"widget\" data-widget_type=\"text-editor.default\">\n\t\t\t\t<div class=\"elementor-widget-container\">\n\t\t\t\t\t\t\t\t\t<p>Mit innovativem LED-Spiegeldesign vermeiden Sie es, in den Niedrigpreiswettbewerb der Konkurrenz zu geraten. Durch den einzigartigen Wert der Marke, helfen Sie einen differenzierten Vorteil auf dem Markt zu etablieren.<\/p>\t\t\t\t\t\t\t\t<\/div>\n\t\t\t\t<\/div>\n\t\t\t\t<\/div>\n\t\t<div class=\"elementor-element elementor-element-1e916bf2 e-con-full e-flex e-con e-child\" data-id=\"1e916bf2\" data-element_type=\"container\">\n\t\t\t\t<div class=\"elementor-element elementor-element-264eb44c elementor-widget elementor-widget-image\" data-id=\"264eb44c\" data-element_type=\"widget\" data-widget_type=\"image.default\">\n\t\t\t\t<div class=\"elementor-widget-container\">\n\t\t\t\t\t\t\t\t\t\t\t\t\t\t\t<img decoding=\"async\" width=\"600\" height=\"400\" src=\"https:\/\/sheinmirror.com\/wp-content\/uploads\/2025\/03\/Gain-customer-trust.webp\" class=\"attachment-full size-full wp-image-3750\" alt=\"Das Vertrauen der Kunden gewinnen\" srcset=\"https:\/\/sheinmirror.com\/wp-content\/uploads\/2025\/03\/Gain-customer-trust.webp 600w, https:\/\/sheinmirror.com\/wp-content\/uploads\/2025\/03\/Gain-customer-trust-300x200.webp 300w\" sizes=\"(max-width: 600px) 100vw, 600px\" \/>\t\t\t\t\t\t\t\t\t\t\t\t\t\t\t<\/div>\n\t\t\t\t<\/div>\n\t\t\t\t<div class=\"elementor-element elementor-element-5e16985a elementor-widget elementor-widget-heading\" data-id=\"5e16985a\" data-element_type=\"widget\" data-widget_type=\"heading.default\">\n\t\t\t\t<div class=\"elementor-widget-container\">\n\t\t\t\t\t<h3 class=\"elementor-heading-title elementor-size-default\">Mehr Kundenvertrauen<\/h3>\t\t\t\t<\/div>\n\t\t\t\t<\/div>\n\t\t\t\t<div class=\"elementor-element elementor-element-805cfb9 elementor-widget elementor-widget-text-editor\" data-id=\"805cfb9\" data-element_type=\"widget\" data-widget_type=\"text-editor.default\">\n\t\t\t\t<div class=\"elementor-widget-container\">\n\t\t\t\t\t\t\t\t\t<p>Unser LED-Spiegel erf\u00fcllt nicht nur funktionale Anforderungen, sondern passt auch zur \u00c4sthetik der Zielgruppe und hilft Ihnen, das Vertrauen und die langfristige Unterst\u00fctzung der Kunden zu gewinnen.<\/p>\t\t\t\t\t\t\t\t<\/div>\n\t\t\t\t<\/div>\n\t\t\t\t<\/div>\n\t\t<div class=\"elementor-element elementor-element-4d9b35f2 e-con-full e-flex e-con e-child\" data-id=\"4d9b35f2\" data-element_type=\"container\">\n\t\t\t\t<div class=\"elementor-element elementor-element-13d3e590 elementor-widget elementor-widget-image\" data-id=\"13d3e590\" data-element_type=\"widget\" data-widget_type=\"image.default\">\n\t\t\t\t<div class=\"elementor-widget-container\">\n\t\t\t\t\t\t\t\t\t\t\t\t\t\t\t<img loading=\"lazy\" decoding=\"async\" width=\"600\" height=\"400\" src=\"https:\/\/sheinmirror.com\/wp-content\/uploads\/2025\/03\/enhance-brand-image.webp\" class=\"attachment-full size-full wp-image-3749\" alt=\"das Markenimage verbessern\" srcset=\"https:\/\/sheinmirror.com\/wp-content\/uploads\/2025\/03\/enhance-brand-image.webp 600w, https:\/\/sheinmirror.com\/wp-content\/uploads\/2025\/03\/enhance-brand-image-300x200.webp 300w\" sizes=\"(max-width: 600px) 100vw, 600px\" \/>\t\t\t\t\t\t\t\t\t\t\t\t\t\t\t<\/div>\n\t\t\t\t<\/div>\n\t\t\t\t<div class=\"elementor-element elementor-element-6b1d6fcc elementor-widget elementor-widget-heading\" data-id=\"6b1d6fcc\" data-element_type=\"widget\" data-widget_type=\"heading.default\">\n\t\t\t\t<div class=\"elementor-widget-container\">\n\t\t\t\t\t<h3 class=\"elementor-heading-title elementor-size-default\">Verbesserung des Markenimages<\/h3>\t\t\t\t<\/div>\n\t\t\t\t<\/div>\n\t\t\t\t<div class=\"elementor-element elementor-element-577d84b elementor-widget elementor-widget-text-editor\" data-id=\"577d84b\" data-element_type=\"widget\" data-widget_type=\"text-editor.default\">\n\t\t\t\t<div class=\"elementor-widget-container\">\n\t\t\t\t\t\t\t\t\t<p>Jeder LED-Spiegel ist eine Erweiterung Ihrer Markengeschichte. Lassen Sie Ihre Marke einen tiefen Eindruck in den K\u00f6pfen der Verbraucher hinterlassen.<\/p>\t\t\t\t\t\t\t\t<\/div>\n\t\t\t\t<\/div>\n\t\t\t\t<\/div>\n\t\t\t\t\t<\/div>\n\t\t\t\t<\/div>\n\t\t<div class=\"elementor-element elementor-element-f93b5bf e-con-full e-flex e-con e-child\" data-id=\"f93b5bf\" data-element_type=\"container\">\n\t\t\t\t<div class=\"elementor-element elementor-element-9b090fd elementor-align-center elementor-widget elementor-widget-button\" data-id=\"9b090fd\" data-element_type=\"widget\" data-widget_type=\"button.default\">\n\t\t\t\t<div class=\"elementor-widget-container\">\n\t\t\t\t\t\t\t\t\t<div class=\"elementor-button-wrapper\">\n\t\t\t\t\t<a class=\"elementor-button elementor-button-link elementor-size-md\" href=\"https:\/\/sheinmirror.com\/de\/\" target=\"_blank\">\n\t\t\t\t\t\t<span class=\"elementor-button-content-wrapper\">\n\t\t\t\t\t\t\t\t\t<span class=\"elementor-button-text\">Zur\u00fcck zu Shein Mirror Home &gt;&gt;<\/span>\n\t\t\t\t\t<\/span>\n\t\t\t\t\t<\/a>\n\t\t\t\t<\/div>\n\t\t\t\t\t\t\t\t<\/div>\n\t\t\t\t<\/div>\n\t\t\t\t<div class=\"elementor-element elementor-element-aa33e50 elementor-align-center elementor-widget elementor-widget-button\" data-id=\"aa33e50\" data-element_type=\"widget\" data-widget_type=\"button.default\">\n\t\t\t\t<div class=\"elementor-widget-container\">\n\t\t\t\t\t\t\t\t\t<div class=\"elementor-button-wrapper\">\n\t\t\t\t\t<a class=\"elementor-button elementor-button-link elementor-size-md\" href=\"https:\/\/sheinmirror.com\/de\/masgeschneiderte-dienstleistung\/\" target=\"_blank\">\n\t\t\t\t\t\t<span class=\"elementor-button-content-wrapper\">\n\t\t\t\t\t\t\t\t\t<span class=\"elementor-button-text\">Erkunden Sie ma\u00dfgeschneiderte Dienstleistungen &gt;&gt;<\/span>\n\t\t\t\t\t<\/span>\n\t\t\t\t\t<\/a>\n\t\t\t\t<\/div>\n\t\t\t\t\t\t\t\t<\/div>\n\t\t\t\t<\/div>\n\t\t\t\t<\/div>\n\t\t\t\t\t<\/div>\n\t\t<\/div>\n\t\t\t\t\t<\/div>\n\t\t<\/section>\n\t\t\t\t<section class=\"elementor-section elementor-top-section elementor-element elementor-element-60b76005 elementor-section-boxed elementor-section-height-default elementor-section-height-default\" data-id=\"60b76005\" data-element_type=\"section\" data-settings=\"{&quot;background_background&quot;:&quot;classic&quot;}\">\n\t\t\t\t\t\t\t<div class=\"elementor-background-overlay\"><\/div>\n\t\t\t\t\t\t\t<div class=\"elementor-container elementor-column-gap-default\">\n\t\t\t\t\t<div class=\"elementor-column elementor-col-100 elementor-top-column elementor-element elementor-element-4725022\" data-id=\"4725022\" data-element_type=\"column\">\n\t\t\t<div class=\"elementor-widget-wrap elementor-element-populated\">\n\t\t\t\t\t\t<div class=\"elementor-element elementor-element-2f59cc51 elementor-widget elementor-widget-heading\" data-id=\"2f59cc51\" data-element_type=\"widget\" data-widget_type=\"heading.default\">\n\t\t\t\t<div class=\"elementor-widget-container\">\n\t\t\t\t\t<h2 class=\"elementor-heading-title elementor-size-default\">M\u00f6chten Sie die n\u00e4chste erfolgreiche Led-Spiegel-Benchmark der Branche werden?<\/h2>\t\t\t\t<\/div>\n\t\t\t\t<\/div>\n\t\t\t\t<div class=\"elementor-element elementor-element-33a5993a elementor-widget elementor-widget-text-editor\" data-id=\"33a5993a\" data-element_type=\"widget\" data-widget_type=\"text-editor.default\">\n\t\t\t\t<div class=\"elementor-widget-container\">\n\t\t\t\t\t\t\t\t\t<p>Wir liefern hochwertige LED-Spiegel an Kunden in der ganzen Welt. Mit \u00fcber 1000+ Kunden Wahl, lassen Sie Shein Mirror helfen Sie erfolgreich.<\/p>\t\t\t\t\t\t\t\t<\/div>\n\t\t\t\t<\/div>\n\t\t<div class=\"elementor-element elementor-element-67b078f0 e-flex e-con-boxed e-con e-parent\" data-id=\"67b078f0\" data-element_type=\"container\">\n\t\t\t\t\t<div class=\"e-con-inner\">\n\t\t\t\t<div class=\"elementor-element elementor-element-70cefe11 elementor-mobile-align-center elementor-widget elementor-widget-button\" data-id=\"70cefe11\" data-element_type=\"widget\" data-widget_type=\"button.default\">\n\t\t\t\t<div class=\"elementor-widget-container\">\n\t\t\t\t\t\t\t\t\t<div class=\"elementor-button-wrapper\">\n\t\t\t\t\t<a class=\"elementor-button elementor-button-link elementor-size-sm\" href=\"https:\/\/sheinmirror.com\/de\/zitat\/\">\n\t\t\t\t\t\t<span class=\"elementor-button-content-wrapper\">\n\t\t\t\t\t\t\t\t\t<span class=\"elementor-button-text\">ANGEBOT ANFORDERN &gt;&gt;<\/span>\n\t\t\t\t\t<\/span>\n\t\t\t\t\t<\/a>\n\t\t\t\t<\/div>\n\t\t\t\t\t\t\t\t<\/div>\n\t\t\t\t<\/div>\n\t\t\t\t<div class=\"elementor-element elementor-element-546846a2 elementor-mobile-align-center elementor-widget elementor-widget-button\" data-id=\"546846a2\" data-element_type=\"widget\" data-widget_type=\"button.default\">\n\t\t\t\t<div class=\"elementor-widget-container\">\n\t\t\t\t\t\t\t\t\t<div class=\"elementor-button-wrapper\">\n\t\t\t\t\t<a class=\"elementor-button elementor-button-link elementor-size-sm\" href=\"https:\/\/wa.me\/+8615565315933\" target=\"_blank\">\n\t\t\t\t\t\t<span class=\"elementor-button-content-wrapper\">\n\t\t\t\t\t\t\t\t\t<span class=\"elementor-button-text\">WHATSAPP ME &gt;&gt;<\/span>\n\t\t\t\t\t<\/span>\n\t\t\t\t\t<\/a>\n\t\t\t\t<\/div>\n\t\t\t\t\t\t\t\t<\/div>\n\t\t\t\t<\/div>\n\t\t\t\t\t<\/div>\n\t\t\t\t<\/div>\n\t\t\t\t\t<\/div>\n\t\t<\/div>\n\t\t\t\t\t<\/div>\n\t\t<\/section>\n\t\t\t\t<\/div>","protected":false},"excerpt":{"rendered":"<p>Exclusive Brand Sales Customize a unique brand mirror for you and bring you an exclusive sales experience! REQUEST A QUOTE >> We care about your business success Shein Mirror &#8211; Customized Unique Brand for You Bring unique LED light mirrors to your market and make your brand stand out in the market competition. As your [&hellip;]<\/p>\n","protected":false},"author":1,"featured_media":0,"parent":0,"menu_order":0,"comment_status":"closed","ping_status":"closed","template":"elementor_header_footer","meta":{"_seopress_robots_primary_cat":"","_seopress_titles_title":"Custom Exclusive Brand Sales of LED Mirrors - Shein Mirror","_seopress_titles_desc":"Shein Mirror's unique design enhances your brand's influence and allows for unique sales, making your LED mirror brand stand out from the competition.","_seopress_robots_index":"","footnotes":""},"class_list":["post-1157","page","type-page","status-publish"],"_links":{"self":[{"href":"https:\/\/sheinmirror.com\/de\/wp-json\/wp\/v2\/pages\/1157","targetHints":{"allow":["GET"]}}],"collection":[{"href":"https:\/\/sheinmirror.com\/de\/wp-json\/wp\/v2\/pages"}],"about":[{"href":"https:\/\/sheinmirror.com\/de\/wp-json\/wp\/v2\/types\/page"}],"author":[{"embeddable":true,"href":"https:\/\/sheinmirror.com\/de\/wp-json\/wp\/v2\/users\/1"}],"replies":[{"embeddable":true,"href":"https:\/\/sheinmirror.com\/de\/wp-json\/wp\/v2\/comments?post=1157"}],"version-history":[{"count":73,"href":"https:\/\/sheinmirror.com\/de\/wp-json\/wp\/v2\/pages\/1157\/revisions"}],"predecessor-version":[{"id":3801,"href":"https:\/\/sheinmirror.com\/de\/wp-json\/wp\/v2\/pages\/1157\/revisions\/3801"}],"wp:attachment":[{"href":"https:\/\/sheinmirror.com\/de\/wp-json\/wp\/v2\/media?parent=1157"}],"curies":[{"name":"wp","href":"https:\/\/api.w.org\/{rel}","templated":true}]}}